{"id":63,"date":"2022-05-26T16:41:30","date_gmt":"2022-05-26T14:41:30","guid":{"rendered":"http:\/\/expertn.cluster030.hosting.ovh.net\/?page_id=63"},"modified":"2022-07-20T13:37:07","modified_gmt":"2022-07-20T11:37:07","slug":"qui-sommes-nous","status":"publish","type":"page","link":"https:\/\/expertisevae.fr\/index.php\/qui-sommes-nous\/","title":{"rendered":"Le formateur"},"content":{"rendered":"<div class=\"wp-block-image\">\n<figure class=\"aligncenter size-medium is-resized\"><img loading=\"lazy\" decoding=\"async\" src=\"https:\/\/expertisevae.fr\/wp-content\/uploads\/2022\/07\/logo-expertise-vae-sans-ombre-porte_Plan-de-travail-1-300x300.jpg\" alt=\"\" class=\"wp-image-483\" width=\"225\" height=\"225\" srcset=\"https:\/\/expertisevae.fr\/wp-content\/uploads\/2022\/07\/logo-expertise-vae-sans-ombre-porte_Plan-de-travail-1-300x300.jpg 300w, https:\/\/expertisevae.fr\/wp-content\/uploads\/2022\/07\/logo-expertise-vae-sans-ombre-porte_Plan-de-travail-1-150x150.jpg 150w, https:\/\/expertisevae.fr\/wp-content\/uploads\/2022\/07\/logo-expertise-vae-sans-ombre-porte_Plan-de-travail-1-768x768.jpg 768w, https:\/\/expertisevae.fr\/wp-content\/uploads\/2022\/07\/logo-expertise-vae-sans-ombre-porte_Plan-de-travail-1-100x100.jpg 100w, https:\/\/expertisevae.fr\/wp-content\/uploads\/2022\/07\/logo-expertise-vae-sans-ombre-porte_Plan-de-travail-1.jpg 781w\" sizes=\"auto, (max-width: 225px) 100vw, 225px\" \/><\/figure>\n<\/div>\n\n\n<p><br><\/p>\n\n\n\n<div class=\"wp-block-columns are-vertically-aligned-center is-layout-flex wp-container-core-columns-is-layout-9d6595d7 wp-block-columns-is-layout-flex\">\n<div class=\"wp-block-column is-vertically-aligned-center is-layout-flow wp-block-column-is-layout-flow\" style=\"flex-basis:100%\">\n<div class=\"wp-block-group alignwide\"><div class=\"wp-block-group__inner-container is-layout-flow wp-block-group-is-layout-flow\">\n<div class=\"wp-block-columns alignwide are-vertically-aligned-center is-style-rounded has-white-color has-black-background-color has-text-color has-background is-layout-flex wp-container-core-columns-is-layout-9d6595d7 wp-block-columns-is-layout-flex\">\n<div class=\"wp-block-column is-layout-flow wp-block-column-is-layout-flow\" style=\"flex-basis:35%\"><div class=\"wp-block-image\">\n<figure class=\"aligncenter size-full is-resized\"><img loading=\"lazy\" decoding=\"async\" src=\"https:\/\/expertisevae.fr\/wp-content\/uploads\/2022\/07\/thumbnail_image000000.jpeg\" alt=\"\" class=\"wp-image-473\" width=\"139\" height=\"210\" srcset=\"https:\/\/expertisevae.fr\/wp-content\/uploads\/2022\/07\/thumbnail_image000000.jpeg 675w, https:\/\/expertisevae.fr\/wp-content\/uploads\/2022\/07\/thumbnail_image000000-198x300.jpeg 198w\" sizes=\"auto, (max-width: 139px) 100vw, 139px\" \/><\/figure>\n<\/div><\/div>\n\n\n\n<div class=\"wp-block-column is-layout-flow wp-block-column-is-layout-flow\" style=\"flex-basis:65%\">\n<p class=\"has-text-align-center has-text-color has-medium-font-size\" style=\"color:#9b8416\"><br><\/p>\n\n\n\n<p class=\"has-text-align-center has-text-color has-medium-font-size\" style=\"color:#9b8416\"><strong>Julien Gabriel-Charreyre<\/strong><\/p>\n\n\n\n<p class=\"has-text-align-center has-text-color\" style=\"color:#9b8416;font-size:17px\">20 ans d&rsquo;exp\u00e9rience dans le secteur social <br>et m\u00e9dico-social<\/p>\n<\/div>\n<\/div>\n<\/div><\/div>\n\n\n\n<div class=\"wp-block-columns is-layout-flex wp-container-core-columns-is-layout-9d6595d7 wp-block-columns-is-layout-flex\">\n<div class=\"wp-block-column is-layout-flow wp-block-column-is-layout-flow\">\n<p class=\"has-text-align-left has-black-background-color has-text-color has-background\" style=\"color:#9b8416;font-size:14px\"><br>\u2022  Accompagnateur et conseiller VAE depuis 2021<br>\u2022  Formateur et Consultant \u00e0 l&rsquo;attention des ESMS depuis 2021<br>(Conseils d&rsquo;Administration,  Direction, \u00e9quipes pluridisciplinaires&#8230;)<br>\u2022  Fondateur et Promoteur du dispositif  \u00ab\u00a0Pro&rsquo;Home\u00a0\u00bb <br>(services et accompagnements \u00e9ducatifs sp\u00e9cialis\u00e9s \u00e0 domicile et en \u00e9tablissements depuis 2017)<br><br>Pr\u00e9c\u00e9demment : <br><br>\u2022  Directeur d&rsquo;\u00e9tablissement et  de services m\u00e9dico-sociaux<br>\u2022  Charg\u00e9 de d\u00e9veloppement associatif<br>\u2022  Cadre de direction dans le secteur social et m\u00e9dico-social<br>\u2022  Cadre interm\u00e9diaire<br>\u2022  \u00c9ducateur sp\u00e9cialis\u00e9<br>\u2022  Moniteur \u00c9ducateur<br><\/p>\n<\/div>\n<\/div>\n<\/div>\n<\/div>\n\n\n\n<p class=\"has-text-align-center\"><br><br><\/p>\n","protected":false},"excerpt":{"rendered":"<p>Julien Gabriel-Charreyre 20 ans d&rsquo;exp\u00e9rience dans le secteur social et m\u00e9dico-social \u2022 Accompagnateur et conseiller VAE depuis 2021\u2022 Formateur et Consultant \u00e0 l&rsquo;attention des ESMS depuis 2021(Conseils d&rsquo;Administration, Direction, \u00e9quipes pluridisciplinaires&#8230;)\u2022 Fondateur et Promoteur du dispositif \u00ab\u00a0Pro&rsquo;Home\u00a0\u00bb (services et accompagnements \u00e9ducatifs sp\u00e9cialis\u00e9s \u00e0 domicile et en \u00e9tablissements depuis 2017) Pr\u00e9c\u00e9demment : \u2022 Directeur d&rsquo;\u00e9tablissement et &hellip; <\/p>\n<p class=\"link-more\"><a href=\"https:\/\/expertisevae.fr\/index.php\/qui-sommes-nous\/\" class=\"more-link\">Continuer la lecture<span class=\"screen-reader-text\"> de &laquo;&nbsp;Le formateur&nbsp;&raquo;<\/span><\/a><\/p>\n","protected":false},"author":1,"featured_media":0,"parent":0,"menu_order":0,"comment_status":"open","ping_status":"closed","template":"","meta":{"footnotes":""},"class_list":["post-63","page","type-page","status-publish","hentry"],"_links":{"self":[{"href":"https:\/\/expertisevae.fr\/index.php\/wp-json\/wp\/v2\/pages\/63","targetHints":{"allow":["GET"]}}],"collection":[{"href":"https:\/\/expertisevae.fr\/index.php\/wp-json\/wp\/v2\/pages"}],"about":[{"href":"https:\/\/expertisevae.fr\/index.php\/wp-json\/wp\/v2\/types\/page"}],"author":[{"embeddable":true,"href":"https:\/\/expertisevae.fr\/index.php\/wp-json\/wp\/v2\/users\/1"}],"replies":[{"embeddable":true,"href":"https:\/\/expertisevae.fr\/index.php\/wp-json\/wp\/v2\/comments?post=63"}],"version-history":[{"count":42,"href":"https:\/\/expertisevae.fr\/index.php\/wp-json\/wp\/v2\/pages\/63\/revisions"}],"predecessor-version":[{"id":485,"href":"https:\/\/expertisevae.fr\/index.php\/wp-json\/wp\/v2\/pages\/63\/revisions\/485"}],"wp:attachment":[{"href":"https:\/\/expertisevae.fr\/index.php\/wp-json\/wp\/v2\/media?parent=63"}],"curies":[{"name":"wp","href":"https:\/\/api.w.org\/{rel}","templated":true}]}}