{"id":2,"date":"2022-05-25T17:24:29","date_gmt":"2022-05-25T15:24:29","guid":{"rendered":"http:\/\/expertn.cluster030.hosting.ovh.net\/?page_id=2"},"modified":"2022-06-24T16:49:18","modified_gmt":"2022-06-24T14:49:18","slug":"page-d-exemple","status":"publish","type":"page","link":"https:\/\/expertisevae.fr\/index.php\/page-d-exemple\/","title":{"rendered":"Les points forts de la formation"},"content":{"rendered":"\n<p><\/p>\n\n\n\n<p class=\"has-black-background-color has-text-color has-background has-medium-font-size\" style=\"color:#9b8416\"><strong> L&rsquo;exp\u00e9rience<\/strong><\/p>\n\n\n\n<p style=\"font-size:16px\"><br>Fort de plus de 20 ans d&rsquo;exp\u00e9rience dans le secteur social et m\u00e9dico-social, j&rsquo;ai su au fil des responsabilit\u00e9s et missions qui me furent confi\u00e9es, en ma qualit\u00e9 d&rsquo;expert, d\u00e9velopper et actualiser les comp\u00e9tences suivantes :<br><br>\u2022 Ing\u00e9nierie de formation<br>\u2022 Conception, \u00e9laboration et mise en \u0153uvre de programmes<br>\u2022 Gestion pr\u00e9visionnelle des emplois et des comp\u00e9tences<br>\u2022 Expertise et analyse des contextes d&rsquo;intervention (politiques publiques, r\u00e9f\u00e9rentiels dipl\u00f4mes et m\u00e9tiers, d\u00e9marche prospective&#8230;)<br>\u2022 Valorisation des parcours professionnels.<br><br>P\u00e9dagogue, engag\u00e9 et bienveillant, je me propose de vous accompagner dans votre d\u00e9marche de validation des acquis de l&rsquo;exp\u00e9rience et ainsi valoriser la richesse de votre parcours .<br><br>\u00ab&nbsp;<em>La formation r\u00e9v\u00e8le l&rsquo;aptitude et le terrain r\u00e9v\u00e8le la comp\u00e9tence<\/em>&nbsp;\u00bb Patrice Aim\u00e9 Agossou<br><br><\/p>\n\n\n\n<div class=\"wp-block-columns is-layout-flex wp-container-core-columns-is-layout-9d6595d7 wp-block-columns-is-layout-flex\">\n<div class=\"wp-block-column is-layout-flow wp-block-column-is-layout-flow\" style=\"flex-basis:100%\"><\/div>\n<\/div>\n\n\n\n<p class=\"has-black-background-color has-text-color has-background has-medium-font-size\" style=\"color:#9b8416\"><strong>L&rsquo;adaptabilit\u00e9 <\/strong><\/p>\n\n\n\n<p><br>Accompagnement \u00e0 la carte en fonction de vos souhaits (forfaits de 4h \u00e0 24h en pr\u00e9sentiel ou en distanciel). Possibilit\u00e9 d&rsquo;intervention \u00e0 domicile ou sur votre lieu de travail.<br><br><\/p>\n\n\n\n<p class=\"has-black-background-color has-text-color has-background has-medium-font-size\" style=\"color:#9b8416\"><strong>La r\u00e9activit\u00e9 <\/strong><\/p>\n\n\n\n<p style=\"font-size:16px\"><br>Votre accompagnateur VAE s&rsquo;engage \u00e0 \u00eatre joignable de 9h \u00e0 22h,  7j\/7<\/p>\n\n\n\n<p><\/p>\n\n\n\n<p><br><\/p>\n","protected":false},"excerpt":{"rendered":"<p>L&rsquo;exp\u00e9rience Fort de plus de 20 ans d&rsquo;exp\u00e9rience dans le secteur social et m\u00e9dico-social, j&rsquo;ai su au fil des responsabilit\u00e9s et missions qui me furent confi\u00e9es, en ma qualit\u00e9 d&rsquo;expert, d\u00e9velopper et actualiser les comp\u00e9tences suivantes : \u2022 Ing\u00e9nierie de formation\u2022 Conception, \u00e9laboration et mise en \u0153uvre de programmes\u2022 Gestion pr\u00e9visionnelle des emplois et des &hellip; <\/p>\n<p class=\"link-more\"><a href=\"https:\/\/expertisevae.fr\/index.php\/page-d-exemple\/\" class=\"more-link\">Continuer la lecture<span class=\"screen-reader-text\"> de &laquo;&nbsp;Les points forts de la formation&nbsp;&raquo;<\/span><\/a><\/p>\n","protected":false},"author":1,"featured_media":279,"parent":0,"menu_order":0,"comment_status":"closed","ping_status":"open","template":"","meta":{"footnotes":""},"class_list":["post-2","page","type-page","status-publish","has-post-thumbnail","hentry"],"_links":{"self":[{"href":"https:\/\/expertisevae.fr\/index.php\/wp-json\/wp\/v2\/pages\/2","targetHints":{"allow":["GET"]}}],"collection":[{"href":"https:\/\/expertisevae.fr\/index.php\/wp-json\/wp\/v2\/pages"}],"about":[{"href":"https:\/\/expertisevae.fr\/index.php\/wp-json\/wp\/v2\/types\/page"}],"author":[{"embeddable":true,"href":"https:\/\/expertisevae.fr\/index.php\/wp-json\/wp\/v2\/users\/1"}],"replies":[{"embeddable":true,"href":"https:\/\/expertisevae.fr\/index.php\/wp-json\/wp\/v2\/comments?post=2"}],"version-history":[{"count":21,"href":"https:\/\/expertisevae.fr\/index.php\/wp-json\/wp\/v2\/pages\/2\/revisions"}],"predecessor-version":[{"id":371,"href":"https:\/\/expertisevae.fr\/index.php\/wp-json\/wp\/v2\/pages\/2\/revisions\/371"}],"wp:featuredmedia":[{"embeddable":true,"href":"https:\/\/expertisevae.fr\/index.php\/wp-json\/wp\/v2\/media\/279"}],"wp:attachment":[{"href":"https:\/\/expertisevae.fr\/index.php\/wp-json\/wp\/v2\/media?parent=2"}],"curies":[{"name":"wp","href":"https:\/\/api.w.org\/{rel}","templated":true}]}}