{"id":192,"date":"2022-05-31T20:51:07","date_gmt":"2022-05-31T18:51:07","guid":{"rendered":"http:\/\/expertn.cluster030.hosting.ovh.net\/index.php\/home\/"},"modified":"2023-02-26T12:24:25","modified_gmt":"2023-02-26T11:24:25","slug":"home","status":"publish","type":"page","link":"https:\/\/expertisevae.fr\/","title":{"rendered":"Accueil"},"content":{"rendered":"\n<div class=\"wp-block-columns is-layout-flex wp-container-core-columns-is-layout-9d6595d7 wp-block-columns-is-layout-flex\">\n<div class=\"wp-block-column is-layout-flow wp-block-column-is-layout-flow\">\n<p><\/p>\n<\/div>\n<\/div>\n\n\n\n<h1 class=\"has-text-align-center has-text-color wp-block-heading\" style=\"color:#9b8416\"><strong>Obtenir un dipl\u00f4me c&rsquo;est possible gr\u00e2ce \u00e0 la Validation des Acquis de l&rsquo;Exp\u00e9rience !<\/strong><\/h1>\n\n\n\n<p class=\"has-text-align-center\" style=\"font-size:17px\">Vous souhaitez s\u00e9curiser votre parcours professionnel, \u00e9voluer dans le secteur sanitaire, social et m\u00e9dico-social, obtenir une revalorisation salariale, concr\u00e9tiser un projet de reconversion professionnelle, ou simplement valoriser vos comp\u00e9tences et exp\u00e9riences ? <br>La VAE est le dispositif qu&rsquo;il vous faut.<\/p>\n\n\n\n<p class=\"has-medium-font-size\"><strong>EXPERTISE VAE vous propose un accompagnement personnalis\u00e9 et individualis\u00e9 \u00e0 chaque \u00e9tape de votre d\u00e9marche, de la recevabilit\u00e9 jusqu&rsquo;\u00e0 l&rsquo;entretien avec le jury certificateur.<\/strong><\/p>\n\n\n\n<p class=\"has-text-align-center has-medium-font-size\"><\/p>\n\n\n<div class=\"wp-block-image\">\n<figure class=\"aligncenter size-medium is-resized\"><a href=\"https:\/\/expertisevae.fr\/index.php\/contact\/\" target=\"_blank\" rel=\"noreferrer noopener\"><img loading=\"lazy\" decoding=\"async\" src=\"https:\/\/expertisevae.fr\/wp-content\/uploads\/2022\/06\/CONTACTEZ-NOU-LOGO-expertise-vae_Plan-de-travail-1-3-e1656082083778-300x300.png\" alt=\"\" class=\"wp-image-299\" width=\"225\" height=\"225\" srcset=\"https:\/\/expertisevae.fr\/wp-content\/uploads\/2022\/06\/CONTACTEZ-NOU-LOGO-expertise-vae_Plan-de-travail-1-3-e1656082083778-300x300.png 300w, https:\/\/expertisevae.fr\/wp-content\/uploads\/2022\/06\/CONTACTEZ-NOU-LOGO-expertise-vae_Plan-de-travail-1-3-e1656082083778-150x150.png 150w, https:\/\/expertisevae.fr\/wp-content\/uploads\/2022\/06\/CONTACTEZ-NOU-LOGO-expertise-vae_Plan-de-travail-1-3-e1656082083778-100x100.png 100w, https:\/\/expertisevae.fr\/wp-content\/uploads\/2022\/06\/CONTACTEZ-NOU-LOGO-expertise-vae_Plan-de-travail-1-3-e1656082083778.png 500w\" sizes=\"auto, (max-width: 225px) 100vw, 225px\" \/><\/a><\/figure>\n<\/div>\n\n\n<p class=\"has-text-align-center has-medium-font-size\"><strong>Nous sommes l\u00e0 pour vous apporter le soutien dont vous aurez besoin.<\/strong><\/p>\n\n\n\n<h5 class=\"wp-block-heading\"><\/h5>\n\n\n\n<p class=\"has-text-align-center\"><br><br><strong>COMMENTAIRES DE SATISFACTION<\/strong><br><\/p>\n\n\n<ol class=\"has-avatars has-dates has-excerpts wp-block-latest-comments\"><li class=\"wp-block-latest-comments__comment\"><img alt='' src='https:\/\/secure.gravatar.com\/avatar\/82fd51a143d69cf0d904b773678426f3013fa388c7d78103245faaad3ac52777?s=48&#038;d=mm&#038;r=g' srcset='https:\/\/secure.gravatar.com\/avatar\/82fd51a143d69cf0d904b773678426f3013fa388c7d78103245faaad3ac52777?s=96&#038;d=mm&#038;r=g 2x' class='avatar avatar-48 photo wp-block-latest-comments__comment-avatar' height='48' width='48' \/><article><footer class=\"wp-block-latest-comments__comment-meta\"><span class=\"wp-block-latest-comments__comment-author\">Szalata<\/span> sur <a class=\"wp-block-latest-comments__comment-link\" href=\"https:\/\/expertisevae.fr\/index.php\/qui-sommes-nous\/#comment-2\">Le formateur<\/a><time datetime=\"2023-01-05T19:11:54+01:00\" class=\"wp-block-latest-comments__comment-date\">5 janvier 2023<\/time><\/footer><div class=\"wp-block-latest-comments__comment-excerpt\"><p>Candidate pour le dipl\u00f4me d&rsquo;\u00e9ducateur sp\u00e9cialis\u00e9 en 2022 que j&rsquo;ai obtenu. J&rsquo;ai gr\u00e2ce \u00e0 l&rsquo;accompagnement bienveillant de Julien trouv\u00e9 une&hellip;<\/p>\n<\/div><\/article><\/li><\/ol>","protected":false},"excerpt":{"rendered":"<p>Obtenir un dipl\u00f4me c&rsquo;est possible gr\u00e2ce \u00e0 la Validation des Acquis de l&rsquo;Exp\u00e9rience ! Vous souhaitez s\u00e9curiser votre parcours professionnel, \u00e9voluer dans le secteur sanitaire, social et m\u00e9dico-social, obtenir une revalorisation salariale, concr\u00e9tiser un projet de reconversion professionnelle, ou simplement valoriser vos comp\u00e9tences et exp\u00e9riences ? La VAE est le dispositif qu&rsquo;il vous faut. EXPERTISE &hellip; <\/p>\n<p class=\"link-more\"><a href=\"https:\/\/expertisevae.fr\/\" class=\"more-link\">Continuer la lecture<span class=\"screen-reader-text\"> de &laquo;&nbsp;Accueil&nbsp;&raquo;<\/span><\/a><\/p>\n","protected":false},"author":1,"featured_media":453,"parent":0,"menu_order":0,"comment_status":"open","ping_status":"closed","template":"","meta":{"footnotes":""},"class_list":["post-192","page","type-page","status-publish","has-post-thumbnail","hentry"],"_links":{"self":[{"href":"https:\/\/expertisevae.fr\/index.php\/wp-json\/wp\/v2\/pages\/192","targetHints":{"allow":["GET"]}}],"collection":[{"href":"https:\/\/expertisevae.fr\/index.php\/wp-json\/wp\/v2\/pages"}],"about":[{"href":"https:\/\/expertisevae.fr\/index.php\/wp-json\/wp\/v2\/types\/page"}],"author":[{"embeddable":true,"href":"https:\/\/expertisevae.fr\/index.php\/wp-json\/wp\/v2\/users\/1"}],"replies":[{"embeddable":true,"href":"https:\/\/expertisevae.fr\/index.php\/wp-json\/wp\/v2\/comments?post=192"}],"version-history":[{"count":36,"href":"https:\/\/expertisevae.fr\/index.php\/wp-json\/wp\/v2\/pages\/192\/revisions"}],"predecessor-version":[{"id":499,"href":"https:\/\/expertisevae.fr\/index.php\/wp-json\/wp\/v2\/pages\/192\/revisions\/499"}],"wp:featuredmedia":[{"embeddable":true,"href":"https:\/\/expertisevae.fr\/index.php\/wp-json\/wp\/v2\/media\/453"}],"wp:attachment":[{"href":"https:\/\/expertisevae.fr\/index.php\/wp-json\/wp\/v2\/media?parent=192"}],"curies":[{"name":"wp","href":"https:\/\/api.w.org\/{rel}","templated":true}]}}