{"id":126,"date":"2022-05-26T18:40:30","date_gmt":"2022-05-26T16:40:30","guid":{"rendered":"http:\/\/expertn.cluster030.hosting.ovh.net\/?page_id=126"},"modified":"2022-07-20T14:07:38","modified_gmt":"2022-07-20T12:07:38","slug":"les-tarifs","status":"publish","type":"page","link":"https:\/\/expertisevae.fr\/index.php\/les-tarifs\/","title":{"rendered":"Les tarifs"},"content":{"rendered":"\n<p><\/p>\n\n\n\n<p class=\"has-text-align-left\" style=\"font-size:18px\"><strong>Accompagnement livret 2 et pr\u00e9paration \u00e0 l&rsquo;oral sur la base de 24h<\/strong>  <br>Appropriation du r\u00e9f\u00e9rentiel de comp\u00e9tences et de certification, aide \u00e0 la r\u00e9daction et aux choix des situations issues de votre exp\u00e9rience professionnelle, r\u00e9gulation de vos \u00e9crits, mise en situation et pr\u00e9paration \u00e0 l&rsquo;entretien avec le jury :<\/p>\n\n\n\n<div class=\"wp-block-buttons is-content-justification-center is-layout-flex wp-container-core-buttons-is-layout-51f7783f wp-block-buttons-is-layout-flex\">\n<div class=\"wp-block-button aligncenter has-custom-font-size is-style-outline is-style-outline--1\" style=\"font-size:18px\"><a class=\"wp-block-button__link\">1 500 \u20ac TTC<\/a><\/div>\n<\/div>\n\n\n\n<p class=\"has-text-align-left\" style=\"font-size:18px\"><br><br><br><strong>Accompagnement livret 2 sur la base de 20h<\/strong>  <br>Appropriation du r\u00e9f\u00e9rentiel de comp\u00e9tences et de certification, aide \u00e0 la r\u00e9daction et aux choix des situations issues de votre exp\u00e9rience professionnelle, r\u00e9gulation de vos \u00e9crits :<\/p>\n\n\n\n<div class=\"wp-block-buttons is-content-justification-center is-layout-flex wp-container-core-buttons-is-layout-8057eaf3 wp-block-buttons-is-layout-flex\">\n<div class=\"wp-block-button aligncenter has-custom-font-size is-style-outline is-style-outline--2\" style=\"font-size:18px\"><a class=\"wp-block-button__link\">1 250 \u20ac TTC<\/a><\/div>\n<\/div>\n\n\n\n<p class=\"has-text-align-left\" style=\"font-size:18px\"><br><br><br><strong>Pr\u00e9paration \u00e0 l&rsquo;oral de certification sur la base de 8h<\/strong>  <br>Lecture et analyse de votre livret 2, mise en situation et pr\u00e9paration \u00e0 l&rsquo;entretien avec le jury :  <\/p>\n\n\n\n<div class=\"wp-block-buttons is-content-justification-center is-layout-flex wp-container-core-buttons-is-layout-8057eaf3 wp-block-buttons-is-layout-flex\">\n<div class=\"wp-block-button aligncenter has-custom-font-size is-style-outline is-style-outline--3\" style=\"font-size:18px\"><a class=\"wp-block-button__link\">750 \u20ac TTC<\/a><\/div>\n<\/div>\n\n\n\n<p class=\"has-text-align-center\" style=\"font-size:18px\"><br><br><br><strong>B\u00e9n\u00e9ficiant du label QUALIOPI, le co\u00fbt de votre accompagnement est \u00e9ligible aux financements CPF, P\u00f4le Emploi, R\u00e9gion, Plan de Formation d&rsquo;Entreprises&#8230;.<\/strong><\/p>\n\n\n\n<p class=\"has-text-align-left\" style=\"font-size:18px\"><\/p>\n\n\n<div class=\"wp-block-image\">\n<figure class=\"aligncenter size-medium is-resized\"><a href=\"https:\/\/expertisevae.fr\/index.php\/contact\/\" target=\"_blank\" rel=\"noreferrer noopener\"><img loading=\"lazy\" decoding=\"async\" src=\"https:\/\/expertisevae.fr\/wp-content\/uploads\/2022\/06\/CONTACTEZ-NOU-LOGO-expertise-vae_Plan-de-travail-1-3-e1656082083778-300x300.png\" alt=\"\" class=\"wp-image-299\" width=\"225\" height=\"225\" srcset=\"https:\/\/expertisevae.fr\/wp-content\/uploads\/2022\/06\/CONTACTEZ-NOU-LOGO-expertise-vae_Plan-de-travail-1-3-e1656082083778-300x300.png 300w, https:\/\/expertisevae.fr\/wp-content\/uploads\/2022\/06\/CONTACTEZ-NOU-LOGO-expertise-vae_Plan-de-travail-1-3-e1656082083778-150x150.png 150w, https:\/\/expertisevae.fr\/wp-content\/uploads\/2022\/06\/CONTACTEZ-NOU-LOGO-expertise-vae_Plan-de-travail-1-3-e1656082083778-100x100.png 100w, https:\/\/expertisevae.fr\/wp-content\/uploads\/2022\/06\/CONTACTEZ-NOU-LOGO-expertise-vae_Plan-de-travail-1-3-e1656082083778.png 500w\" sizes=\"auto, (max-width: 225px) 100vw, 225px\" \/><\/a><\/figure>\n<\/div>\n\n<div class=\"wp-block-image\">\n<figure class=\"aligncenter size-medium is-resized\"><a href=\"https:\/\/www.moncompteformation.gouv.fr\/espace-prive\/html\/#\/formation\/recherche\/42911696500055_VAEJGC22\/42911696500055_VAEJGC22?contexteFormation=ACTIVITE_PROFESSIONNELLE\" target=\"_blank\" rel=\"noreferrer noopener\"><img loading=\"lazy\" decoding=\"async\" src=\"https:\/\/expertisevae.fr\/wp-content\/uploads\/2022\/07\/Logo-Mon-Compte-Formation-Appli-CPF-300x200.jpeg\" alt=\"\" class=\"wp-image-489\" width=\"150\" height=\"100\" srcset=\"https:\/\/expertisevae.fr\/wp-content\/uploads\/2022\/07\/Logo-Mon-Compte-Formation-Appli-CPF-300x200.jpeg 300w, https:\/\/expertisevae.fr\/wp-content\/uploads\/2022\/07\/Logo-Mon-Compte-Formation-Appli-CPF-768x511.jpeg 768w, https:\/\/expertisevae.fr\/wp-content\/uploads\/2022\/07\/Logo-Mon-Compte-Formation-Appli-CPF.jpeg 880w\" sizes=\"auto, (max-width: 150px) 100vw, 150px\" \/><\/a><\/figure>\n<\/div>","protected":false},"excerpt":{"rendered":"<p>Accompagnement livret 2 et pr\u00e9paration \u00e0 l&rsquo;oral sur la base de 24h Appropriation du r\u00e9f\u00e9rentiel de comp\u00e9tences et de certification, aide \u00e0 la r\u00e9daction et aux choix des situations issues de votre exp\u00e9rience professionnelle, r\u00e9gulation de vos \u00e9crits, mise en situation et pr\u00e9paration \u00e0 l&rsquo;entretien avec le jury : Accompagnement livret 2 sur la base &hellip; <\/p>\n<p class=\"link-more\"><a href=\"https:\/\/expertisevae.fr\/index.php\/les-tarifs\/\" class=\"more-link\">Continuer la lecture<span class=\"screen-reader-text\"> de &laquo;&nbsp;Les tarifs&nbsp;&raquo;<\/span><\/a><\/p>\n","protected":false},"author":1,"featured_media":274,"parent":0,"menu_order":0,"comment_status":"closed","ping_status":"closed","template":"","meta":{"footnotes":""},"class_list":["post-126","page","type-page","status-publish","has-post-thumbnail","hentry"],"_links":{"self":[{"href":"https:\/\/expertisevae.fr\/index.php\/wp-json\/wp\/v2\/pages\/126","targetHints":{"allow":["GET"]}}],"collection":[{"href":"https:\/\/expertisevae.fr\/index.php\/wp-json\/wp\/v2\/pages"}],"about":[{"href":"https:\/\/expertisevae.fr\/index.php\/wp-json\/wp\/v2\/types\/page"}],"author":[{"embeddable":true,"href":"https:\/\/expertisevae.fr\/index.php\/wp-json\/wp\/v2\/users\/1"}],"replies":[{"embeddable":true,"href":"https:\/\/expertisevae.fr\/index.php\/wp-json\/wp\/v2\/comments?post=126"}],"version-history":[{"count":25,"href":"https:\/\/expertisevae.fr\/index.php\/wp-json\/wp\/v2\/pages\/126\/revisions"}],"predecessor-version":[{"id":494,"href":"https:\/\/expertisevae.fr\/index.php\/wp-json\/wp\/v2\/pages\/126\/revisions\/494"}],"wp:featuredmedia":[{"embeddable":true,"href":"https:\/\/expertisevae.fr\/index.php\/wp-json\/wp\/v2\/media\/274"}],"wp:attachment":[{"href":"https:\/\/expertisevae.fr\/index.php\/wp-json\/wp\/v2\/media?parent=126"}],"curies":[{"name":"wp","href":"https:\/\/api.w.org\/{rel}","templated":true}]}}